{"id":1960,"date":"2020-01-31T05:56:02","date_gmt":"2020-01-31T05:56:02","guid":{"rendered":"http:\/\/jorgefajardotenor.com\/?page_id=1960"},"modified":"2024-08-22T00:36:50","modified_gmt":"2024-08-22T06:36:50","slug":"contacto-con-jorge-fajardo","status":"publish","type":"page","link":"https:\/\/jorgefajardotenor.com\/fr\/contacto-con-jorge-fajardo\/","title":{"rendered":"Contact"},"content":{"rendered":"<div class=\"wpb-content-wrapper\"><p>[vc_row gap=\u00a0\u00bb35&Prime; css=\u00a0\u00bb.vc_custom_1586621444995{margin-top: 50px !important;margin-right: 50px !important;margin-bottom: 50px !important;margin-left: 50px !important;}\u00a0\u00bb][vc_column width=\u00a0\u00bb1\/2&Prime;][vc_row_inner][vc_column_inner][vc_column_text css_animation=\u00a0\u00bbzoomInLeft\u00a0\u00bb css=\u00a0\u00bb.vc_custom_1595607477649{padding-left: 0px !important;}\u00a0\u00bb]<\/p>\n<h4 style=\"text-align: left;\"><span style=\"color: #ffffff;\">Partagez le travail du t\u00e9nor mexicain Jorge Fajardo sur vos r\u00e9seaux sociaux<\/span><\/h4>\n<p>[\/vc_column_text][\/vc_column_inner][\/vc_row_inner][\/vc_column][vc_column width=\u00a0\u00bb1\/2&Prime;][vc_tweetmeme css_animation=\u00a0\u00bbbounceInDown\u00a0\u00bb][vc_facebook css_animation=\u00a0\u00bbbounceInLeft\u00a0\u00bb][\/vc_column][\/vc_row][vc_row gap=\u00a0\u00bb35&Prime; css=\u00a0\u00bb.vc_custom_1586621912049{margin-right: 50px !important;margin-left: 50px !important;}\u00a0\u00bb][vc_column width=\u00a0\u00bb1\/2&Prime;][vc_column_text css_animation=\u00a0\u00bbzoomInLeft\u00a0\u00bb css=\u00a0\u00bb.vc_custom_1595607497072{padding-left: 0px !important;}\u00a0\u00bb]<\/p>\n<h4 style=\"text-align: left;\"><span style=\"color: #ffffff;\">Suivez-moi sur les r\u00e9seaux sociaux, pour apprendre \u00e0 conna\u00eetre mon travail<\/span><\/h4>\n<p>[\/vc_column_text][\/vc_column][vc_column width=\u00a0\u00bb1\/2&Prime;]<div class=\" uavc-icons-center uavc-icons \">\n<a class=\"aio-tooltip 69ef7e7957276\" href=\"https:\/\/www.facebook.com\/jfajardotenor\" title=\"Sigue en Facebook al tenor mexicano Jorge Fajardo\" target=\"_blank\" rel=\"noopener\"  data-toggle=\"tooltip\" data-placement=\"top\" title=\"\"><div class=\"aio-icon circle \" data-animation=\"fadeIn\" data-animation-delay=\"03\" style=\"color:#c9c9c9;font-size:70px;margin-right:5px;\">\n\t<i class=\"Defaults-facebook-square\"><\/i>\n<\/div><\/a>\n<a class=\"aio-tooltip 69ef7e79572f1\" href=\"https:\/\/www.youtube.com\/channel\/UCgR_aV7kjlQPTzj7Iyq48KA\" title=\"Ve todos los videos de Jorge Fajardo en Youtube\" target=\"_blank\" rel=\"noopener\"  data-toggle=\"tooltip\" data-placement=\"top\" title=\"\"><div class=\"aio-icon circle \" data-animation=\"fadeIn\" data-animation-delay=\"03\" style=\"color:#c9c9c9;font-size:70px;margin-right:2px;\">\n\t<i class=\"Defaults-youtube-play\"><\/i>\n<\/div><\/a>\n<a class=\"aio-tooltip 69ef7e7957345\" href=\"https:\/\/www.instagram.com\/jfajardotenor\" title=\"Jorge Fajardo te espera en su instagram\" target=\"_blank\" rel=\"noopener\"  data-toggle=\"tooltip\" data-placement=\"top\" title=\"\"><div class=\"aio-icon circle \" data-animation=\"fadeIn\" data-animation-delay=\"03\" style=\"color:#c9c9c9;font-size:70px;margin-right:5px;\">\n\t<i class=\"Defaults-instagram\"><\/i>\n<\/div><\/a><\/div>[\/vc_column][\/vc_row][vc_row gap=\u00a0\u00bb35&Prime; css=\u00a0\u00bb.vc_custom_1586631019972{margin-right: 50px !important;margin-left: 50px !important;}\u00a0\u00bb][vc_column custom_w=\u00a0\u00bb\u00a0\u00bb width=\u00a0\u00bb1\/2&Prime;][vc_column_text css_animation=\u00a0\u00bbnone\u00a0\u00bb]<\/p>\n<h4><span style=\"color: #ffffff;\">Si vous avez besoin d\u2019un devis pour une pr\u00e9sentation, veuillez nous joindre en remplissant la fiche suivante :<\/span><\/h4>\n<p>[\/vc_column_text]\n<div class=\"wpcf7 no-js\" id=\"wpcf7-f3524-o4\" lang=\"en-US\" dir=\"ltr\">\n<div class=\"screen-reader-response\"><p role=\"status\" aria-live=\"polite\" aria-atomic=\"true\"><\/p> <ul><\/ul><\/div>\n<form action=\"\/fr\/wp-json\/wp\/v2\/pages\/1960#wpcf7-f3524-o4\" method=\"post\" class=\"wpcf7-form init\" aria-label=\"Contact form\" novalidate=\"novalidate\" data-status=\"init\">\n<div style=\"display: none;\">\n<input type=\"hidden\" name=\"_wpcf7\" value=\"3524\" \/>\n<input type=\"hidden\" name=\"_wpcf7_version\" value=\"5.9.8\" \/>\n<input type=\"hidden\" name=\"_wpcf7_locale\" value=\"en_US\" \/>\n<input type=\"hidden\" name=\"_wpcf7_unit_tag\" value=\"wpcf7-f3524-o4\" \/>\n<input type=\"hidden\" name=\"_wpcf7_container_post\" value=\"0\" \/>\n<input type=\"hidden\" name=\"_wpcf7_posted_data_hash\" value=\"\" \/>\n<\/div>\n<p><label> Nom (requis)<br \/>\n<span class=\"wpcf7-form-control-wrap\" data-name=\"your-name\"><input size=\"40\" maxlength=\"400\" class=\"wpcf7-form-control wpcf7-text wpcf7-validates-as-required\" aria-required=\"true\" aria-invalid=\"false\" value=\"\" type=\"text\" name=\"your-name\" \/><\/span> <\/label>\n<\/p>\n<p><label> E mail (requis)<br \/>\n<span class=\"wpcf7-form-control-wrap\" data-name=\"your-email\"><input size=\"40\" maxlength=\"400\" class=\"wpcf7-form-control wpcf7-email wpcf7-validates-as-required wpcf7-text wpcf7-validates-as-email\" aria-required=\"true\" aria-invalid=\"false\" value=\"\" type=\"email\" name=\"your-email\" \/><\/span> <\/label>\n<\/p>\n<p><label> Votre message<br \/>\n<span class=\"wpcf7-form-control-wrap\" data-name=\"your-message\"><textarea cols=\"40\" rows=\"10\" maxlength=\"2000\" class=\"wpcf7-form-control wpcf7-textarea\" aria-invalid=\"false\" name=\"your-message\"><\/textarea><\/span> <\/label>\n<\/p>\n<p><input class=\"wpcf7-form-control wpcf7-submit has-spinner\" type=\"submit\" value=\"Envoyer\" \/>\n<\/p><div class=\"wpcf7-response-output\" aria-hidden=\"true\"><\/div>\n<\/form>\n<\/div>\n[\/vc_column][vc_column width=\u00a0\u00bb1\/2&Prime;][vc_single_image image=\u00a0\u00bb2580&Prime; img_size=\u00a0\u00bbfull\u00a0\u00bb alignment=\u00a0\u00bbcenter\u00a0\u00bb][\/vc_column][\/vc_row]<\/p>\n<\/div>","protected":false},"excerpt":{"rendered":"<p>[vc_row gap=\u00a0\u00bb35&Prime; css=\u00a0\u00bb.vc_custom_1586621444995{margin-top: 50px !important;margin-right: 50px !important;margin-bottom: 50px !important;margin-left: 50px !important;}\u00a0\u00bb][vc_column width=\u00a0\u00bb1\/2&Prime;][vc_row_inner][vc_column_inner][vc_column_text css_animation=\u00a0\u00bbzoomInLeft\u00a0\u00bb css=\u00a0\u00bb.vc_custom_1595607477649{padding-left: 0px !important;}\u00a0\u00bb] Partagez le travail du t\u00e9nor mexicain Jorge Fajardo sur vos r\u00e9seaux sociaux [\/vc_column_text][\/vc_column_inner][\/vc_row_inner][\/vc_column][vc_column width=\u00a0\u00bb1\/2&Prime;][vc_tweetmeme css_animation=\u00a0\u00bbbounceInDown\u00a0\u00bb][vc_facebook css_animation=\u00a0\u00bbbounceInLeft\u00a0\u00bb][\/vc_column][\/vc_row][vc_row gap=\u00a0\u00bb35&Prime; css=\u00a0\u00bb.vc_custom_1586621912049{margin-right: 50px !important;margin-left: 50px !important;}\u00a0\u00bb][vc_column width=\u00a0\u00bb1\/2&Prime;][vc_column_text css_animation=\u00a0\u00bbzoomInLeft\u00a0\u00bb css=\u00a0\u00bb.vc_custom_1595607497072{padding-left: 0px !important;}\u00a0\u00bb] Suivez-moi sur les r\u00e9seaux sociaux, pour apprendre [&hellip;]<\/p>\n","protected":false},"author":2,"featured_media":0,"parent":0,"menu_order":0,"comment_status":"closed","ping_status":"closed","template":"","meta":{"footnotes":""},"yst_prominent_words":[120,36,119,270,268,187,271,276],"class_list":["post-1960","page","type-page","status-publish","hentry"],"_links":{"self":[{"href":"https:\/\/jorgefajardotenor.com\/fr\/wp-json\/wp\/v2\/pages\/1960"}],"collection":[{"href":"https:\/\/jorgefajardotenor.com\/fr\/wp-json\/wp\/v2\/pages"}],"about":[{"href":"https:\/\/jorgefajardotenor.com\/fr\/wp-json\/wp\/v2\/types\/page"}],"author":[{"embeddable":true,"href":"https:\/\/jorgefajardotenor.com\/fr\/wp-json\/wp\/v2\/users\/2"}],"replies":[{"embeddable":true,"href":"https:\/\/jorgefajardotenor.com\/fr\/wp-json\/wp\/v2\/comments?post=1960"}],"version-history":[{"count":40,"href":"https:\/\/jorgefajardotenor.com\/fr\/wp-json\/wp\/v2\/pages\/1960\/revisions"}],"predecessor-version":[{"id":2568,"href":"https:\/\/jorgefajardotenor.com\/fr\/wp-json\/wp\/v2\/pages\/1960\/revisions\/2568"}],"wp:attachment":[{"href":"https:\/\/jorgefajardotenor.com\/fr\/wp-json\/wp\/v2\/media?parent=1960"}],"wp:term":[{"taxonomy":"yst_prominent_words","embeddable":true,"href":"https:\/\/jorgefajardotenor.com\/fr\/wp-json\/wp\/v2\/yst_prominent_words?post=1960"}],"curies":[{"name":"wp","href":"https:\/\/api.w.org\/{rel}","templated":true}]}}