{"id":1858,"date":"2017-08-25T07:55:22","date_gmt":"2017-08-25T07:55:22","guid":{"rendered":"http:\/\/hn.arrowpress.net\/bonfire-sample\/?page_id=1858"},"modified":"2025-02-18T21:43:58","modified_gmt":"2025-02-19T03:43:58","slug":"jorge-fajardo-tenor","status":"publish","type":"page","link":"https:\/\/jorgefajardotenor.com\/fr\/","title":{"rendered":"Jorge Fajardo &#8211; Tenor Mexicano"},"content":{"rendered":"<div class=\"wpb-content-wrapper\"><p>[vc_row][vc_column custom_w=\u00a0\u00bb\u00a0\u00bb][rev_slider_vc alias=\u00a0\u00bbaleman-1&Prime;][\/vc_column][\/vc_row][vc_row bg_type=\u00a0\u00bbimage\u00a0\u00bb parallax_style=\u00a0\u00bbvcpb-default\u00a0\u00bb bg_image_new=\u00a0\u00bbid^1863|url^http:\/\/hn.arrowpress.net\/bonfire-sample\/wp-content\/uploads\/2017\/08\/bg-our.jpg|caption^null|alt^null|title^bg-our|description^null\u00a0\u00bb bg_image_repeat=\u00a0\u00bbno-repeat\u00a0\u00bb bg_image_size=\u00a0\u00bbinitial\u00a0\u00bb bg_image_posiiton=\u00a0\u00bbbottom left\u00a0\u00bb][vc_column]<div class=\"ult-spacer spacer-69ef674da2fad\" data-id=\"69ef674da2fad\" data-height=\"51\" data-height-mobile=\"0\" data-height-tab=\"33\" data-height-tab-portrait=\"33\" data-height-mobile-landscape=\"13\" style=\"clear:both;display:block;\"><\/div><div class=\"arrowpress-container container \">[vc_row_inner][vc_column_inner]   \r\n    <div class=\"arrowpress_container  color_gradient\">  \r\n<div style=\"padding-bottom: 85px;letter-spacing:px\" data-arrowpress-target='arrowpress_heading-1002248919'  data-arrowpress-csstarget='h2'  data-arrowpress-responsive-tablet='{\"font-size\":\"px\",\"line-height\":\"px\"}'  data-arrowpress-responsive-tablet-port='{\"font-size\":\"px\",\"line-height\":\"px \"}'  data-arrowpress-responsive-mob-land='{\"font-size\":\"px\",\"line-height\":\"px \"}'  data-arrowpress-responsive-mob='{\"font-size\":\"px\",\"line-height\":\"px\"}'  class=\"arrowpress-heading  heading-1 arrowpress_heading-1002248919 animated show-animate\ttext-center\t\t\t\tleft-pos\t\t\t\" data-animation-delay=\"500\" data-animation=\"flipInX\">\r\n\t\t\t\t\r\n\t\t\t<div style=\"padding-bottom: 35px\" class=\"small-title\">\r\n\t\t\t<p style=\"color:#ffffff; \">Sur Jorge Fajardo<\/p>\r\n\t\t<\/div>\r\n\t\t\t\t\t\t\t\t\t\t\t\t<h2 >\r\n\t\t\t\t\t\t<span>Portrait<\/span>\t\t\t\t\t<\/h2>\r\n\t\t\t\t\t\t\t\t\t\t\r\n\t\t\t\t\r\n<\/div>\r\n<\/div>\n[\/vc_column_inner][\/vc_row_inner][vc_row_inner gap=\u00a0\u00bb35&Prime; css=\u00a0\u00bb.vc_custom_1586464399748{margin-right: 50px !important;margin-left: 50px !important;border-radius: 5px !important;}\u00a0\u00bb][vc_column_inner custom_w=\u00a0\u00bb\u00a0\u00bb width=\u00a0\u00bb1\/2&Prime; offset=\u00a0\u00bbvc_col-lg-6 vc_col-md-6 vc_col-xs-12&Prime;][vc_column_text]<\/p>\n<p class=\"text-default\" style=\"color: #ababab;\">Le t\u00e9nor mexicain Jorge Fajardo, dipl\u00f4m\u00e9 du Conservatoire national de musique du Mexique a fait \u00e9galement des \u00e9tudes \u00e0 Vienne, \u00e0 Weimar en Allemagne et \u00e0 New York, il s\u2019est distingu\u00e9 par son remarquable talent vocal dans chacune de ses interpr\u00e9tations ainsi que par son caract\u00e8re dramatique en tant qu\u2019acteur c\u2019est pourquoi il a eu des pr\u00e9sentations en Europe, en Asie, en Am\u00e9rique du Nord et en Am\u00e9rique latine.<\/p>\n<h3><span style=\"color: #d6ba8d;\"><a href=\"http:\/\/jorgefajardotenor.com\/semblanza\/\" rel=\"noopener noreferrer\" style=\"color: #d6ba8d;\"><strong>Pour en savoir plus<\/strong><\/a><\/span><\/h3>\n<p>[\/vc_column_text][\/vc_column_inner][vc_column_inner custom_w=\u00a0\u00bb\u00a0\u00bb width=\u00a0\u00bb1\/2&Prime; offset=\u00a0\u00bbvc_col-lg-5 vc_col-md-6 vc_col-xs-12&Prime;][vc_images_carousel images=\u00a0\u00bb3680,3682,3693&Prime; img_size=\u00a0\u00bbfull\u00a0\u00bb onclick=\u00a0\u00bbcustom_link\u00a0\u00bb speed=\u00a0\u00bb4000&Prime; autoplay=\u00a0\u00bbyes\u00a0\u00bb wrap=\u00a0\u00bbyes\u00a0\u00bb css_animation=\u00a0\u00bbfadeInRight\u00a0\u00bb css=\u00a0\u00bb.vc_custom_1739330366734{border-radius: 10px !important;}\u00a0\u00bb custom_links=\u00a0\u00bb\/semblanza\/,\/semblanza\/,\/semblanza\/\u00a0\u00bb][\/vc_column_inner][\/vc_row_inner]<\/div>\n<div class=\"ult-spacer spacer-69ef674da30eb\" data-id=\"69ef674da30eb\" data-height=\"0\" data-height-mobile=\"0\" data-height-tab=\"\" data-height-tab-portrait=\"0\" data-height-mobile-landscape=\"0\" style=\"clear:both;display:block;\"><\/div>[vc_row_inner wrap_container=\u00a0\u00bbyes\u00a0\u00bb equal_height=\u00a0\u00bbyes\u00a0\u00bb content_placement=\u00a0\u00bbmiddle\u00a0\u00bb css=\u00a0\u00bb.vc_custom_1739331503443{background-image: url(https:\/\/jorgefajardotenor.com\/wp-content\/uploads\/2024\/08\/proximas1.png?id=3692) !important;background-position: center !important;background-repeat: no-repeat !important;background-size: contain !important;}\u00a0\u00bb][vc_column_inner custom_w=\u00a0\u00bb\u00a0\u00bb css=\u00a0\u00bb.vc_custom_1586464701421{margin-top: 50px !important;margin-bottom: 50px !important;padding-top: 50px !important;padding-bottom: 50px !important;}\u00a0\u00bb]   \r\n    <div class=\"arrowpress_container  color_gradient\">  \r\n<div  data-arrowpress-target='arrowpress_heading-2607040037'  data-arrowpress-csstarget='h2'  data-arrowpress-responsive-tablet='{\"font-size\":\"px\",\"line-height\":\"px\"}'  data-arrowpress-responsive-tablet-port='{\"font-size\":\"px\",\"line-height\":\"px \"}'  data-arrowpress-responsive-mob-land='{\"font-size\":\"px\",\"line-height\":\"px \"}'  data-arrowpress-responsive-mob='{\"font-size\":\"px\",\"line-height\":\"px\"}'  class=\"arrowpress-heading  heading-1 arrowpress_heading-2607040037 animated show-animate\ttext-center\t\t\t vc_custom_1739331417076\tleft-pos\t\t\t\" data-animation-delay=\"500\" data-animation=\"fadeInLeft\">\r\n\t\t\t\t\r\n\t\t\t\t\t\t\t\t\t\t\t\t<h2 style=\"color:#f4f4f4; \">\r\n\t\t\t\t\t\t<span> Le plus r\u00e9cent<\/span>\t\t\t\t\t<\/h2>\r\n\t\t\t\t\t\t\t\t\t\t\r\n\t\t\t\t\r\n<\/div>\r\n<\/div>\n[\/vc_column_inner][\/vc_row_inner][vc_row_inner equal_height=\u00a0\u00bbyes\u00a0\u00bb content_placement=\u00a0\u00bbmiddle\u00a0\u00bb css=\u00a0\u00bb.vc_custom_1586465952011{margin-right: 100px !important;margin-left: 100px !important;}\u00a0\u00bb][vc_column_inner custom_w=\u00a0\u00bb\u00a0\u00bb width=\u00a0\u00bb1\/2&Prime;]<div class=\"ult_pricing_table_wrap ult_design_1  ult-cs-custom pricing-custom \">\r\n\t\t\t\t<div class=\"ult_pricing_table ult_price_table_ht\" style=\"background:#67091f; min-height:500px;\"><div class=\"ult_pricing_heading\" id=\"price-table-wrap-2499\">\r\n\t\t\t\t\t\t<h3 class=\"price-heading cust-headformat ult-responsive\"  data-ultimate-target='#price-table-wrap-2499 .cust-headformat'  data-responsive-json-new='{\"font-size\":\"\",\"line-height\":\"\"}'  style=\"font-weight:normal;\">Activit\u00e9 artistique<\/h3><\/div><!--ult_pricing_heading--><div class=\"ult_price_body_block\">\r\n\t\t\t\t\t\t<div class=\"ult_price_body\">\r\n\t\t\t\t\t\t\t<div id=\"price-table-wrap-7190\" class=\"ult_price\">\r\n\t\t\t\t\t\t\t\t<span  data-ultimate-target='#price-table-wrap-7190 .ult_price_figure'  data-responsive-json-new='{\"font-size\":\"\",\"line-height\":\"\"}'  class=\"ult_price_figure ult-responsive\" style=\"font-weight:normal;\"><\/span>\r\n\t\t\t\t\t\t\t\t<span  data-ultimate-target='#price-table-wrap-7190 .ult_price_term'  data-responsive-json-new='{\"font-size\":\"\",\"line-height\":\"\"}'  class=\"ult_price_term ult-responsive\" style=\"font-weight:normal;\"><\/span>\r\n\t\t\t\t\t\t\t<\/div>\r\n\t\t\t\t\t\t<\/div>\r\n\t\t\t\t\t<\/div><!--ult_price_body_block--><div id=\"price-table-features-wrap-3908\" class=\"ult_price_features ult-responsive\"  data-ultimate-target='#price-table-features-wrap-3908'  data-responsive-json-new='{\"font-size\":\"\",\"line-height\":\"\"}'  style=\"font-weight:normal;\">\r\n\t\t\t\t\t\t<p><img loading=\"lazy\" decoding=\"async\" src=\"https:\/\/jorgefajardotenor.com\/wp-content\/uploads\/2024\/08\/almamia24.png\" alt=\"\" width=\"800\" height=\"400\" class=\"size-full wp-image-3677 aligncenter\" srcset=\"https:\/\/jorgefajardotenor.com\/wp-content\/uploads\/2024\/08\/almamia24.png 800w, https:\/\/jorgefajardotenor.com\/wp-content\/uploads\/2024\/08\/almamia24-300x150.png 300w, https:\/\/jorgefajardotenor.com\/wp-content\/uploads\/2024\/08\/almamia24-768x384.png 768w\" sizes=\"(max-width: 800px) 100vw, 800px\" \/><\/p>\n<p>&nbsp;<\/p>\n<p><img loading=\"lazy\" decoding=\"async\" src=\"https:\/\/jorgefajardotenor.com\/wp-content\/uploads\/2022\/10\/anunciorusalka.jpg\" alt=\"\" width=\"800\" height=\"400\" class=\"size-full wp-image-3625 aligncenter\" \/><\/p>\n\r\n\t\t\t\t\t<\/div><!--ult_price_features--><div class=\"ult_clr\"><\/div>\r\n\t\t<\/div><!--pricing_table-->\r\n\t<\/div><!--pricing_table_wrap-->[\/vc_column_inner][vc_column_inner custom_w=\u00a0\u00bb\u00a0\u00bb width=\u00a0\u00bb1\/2&Prime;]<div class=\"ult_pricing_table_wrap ult_design_1  ult-cs-custom pricing-custom \">\r\n\t\t\t\t<div class=\"ult_pricing_table ult_price_table_ht\" style=\"background:#67091f; min-height:772px;\"><div class=\"ult_pricing_heading\" id=\"price-table-wrap-8897\">\r\n\t\t\t\t\t\t<h3 class=\"price-heading cust-headformat ult-responsive\"  data-ultimate-target='#price-table-wrap-8897 .cust-headformat'  data-responsive-json-new='{\"font-size\":\"\",\"line-height\":\"\"}'  style=\"font-weight:normal;\">En concert<\/h3><\/div><!--ult_pricing_heading--><div class=\"ult_price_body_block\">\r\n\t\t\t\t\t\t<div class=\"ult_price_body\">\r\n\t\t\t\t\t\t\t<div id=\"price-table-wrap-2558\" class=\"ult_price\">\r\n\t\t\t\t\t\t\t\t<span  data-ultimate-target='#price-table-wrap-2558 .ult_price_figure'  data-responsive-json-new='{\"font-size\":\"\",\"line-height\":\"\"}'  class=\"ult_price_figure ult-responsive\" style=\"font-weight:normal;\"><\/span>\r\n\t\t\t\t\t\t\t\t<span  data-ultimate-target='#price-table-wrap-2558 .ult_price_term'  data-responsive-json-new='{\"font-size\":\"\",\"line-height\":\"\"}'  class=\"ult_price_term ult-responsive\" style=\"font-weight:normal;\"><\/span>\r\n\t\t\t\t\t\t\t<\/div>\r\n\t\t\t\t\t\t<\/div>\r\n\t\t\t\t\t<\/div><!--ult_price_body_block--><div id=\"price-table-features-wrap-9601\" class=\"ult_price_features ult-responsive\"  data-ultimate-target='#price-table-features-wrap-9601'  data-responsive-json-new='{\"font-size\":\"\",\"line-height\":\"\"}'  style=\"font-weight:normal;\">\r\n\t\t\t\t\t\t<p><img loading=\"lazy\" decoding=\"async\" src=\"https:\/\/jorgefajardotenor.com\/wp-content\/uploads\/2025\/02\/novena_frances.png\" alt=\"\" width=\"460\" height=\"230\" class=\"alignnone size-full wp-image-3737 aligncenter\" srcset=\"https:\/\/jorgefajardotenor.com\/wp-content\/uploads\/2025\/02\/novena_frances.png 460w, https:\/\/jorgefajardotenor.com\/wp-content\/uploads\/2025\/02\/novena_frances-300x150.png 300w\" sizes=\"(max-width: 460px) 100vw, 460px\" \/><\/p>\n<p>&nbsp;<\/p>\n<p><img loading=\"lazy\" decoding=\"async\" src=\"https:\/\/jorgefajardotenor.com\/wp-content\/uploads\/2025\/02\/flauta_frances.png\" alt=\"\" width=\"460\" height=\"230\" class=\"alignnone size-full wp-image-3735 aligncenter\" srcset=\"https:\/\/jorgefajardotenor.com\/wp-content\/uploads\/2025\/02\/flauta_frances.png 460w, https:\/\/jorgefajardotenor.com\/wp-content\/uploads\/2025\/02\/flauta_frances-300x150.png 300w\" sizes=\"(max-width: 460px) 100vw, 460px\" \/><\/p>\n\r\n\t\t\t\t\t<\/div><!--ult_price_features--><div class=\"ult_clr\"><\/div>\r\n\t\t<\/div><!--pricing_table-->\r\n\t<\/div><!--pricing_table_wrap-->[\/vc_column_inner][\/vc_row_inner][vc_row_inner wrap_container=\u00a0\u00bbyes\u00a0\u00bb][vc_column_inner]<div class=\"ult-spacer spacer-69ef674da32b8\" data-id=\"69ef674da32b8\" data-height=\"\" data-height-mobile=\"\" data-height-tab=\"\" data-height-tab-portrait=\"\" data-height-mobile-landscape=\"\" style=\"clear:both;display:block;\"><\/div>   \r\n    <div class=\"arrowpress_container  box-heading-port color_gradient\">  \r\n<div style=\"padding-bottom: 50px;letter-spacing:px\" data-arrowpress-target='arrowpress_heading-506420910'  data-arrowpress-csstarget='h2'  data-arrowpress-responsive-tablet='{\"font-size\":\"px\",\"line-height\":\"px\"}'  data-arrowpress-responsive-tablet-port='{\"font-size\":\"px\",\"line-height\":\"px \"}'  data-arrowpress-responsive-mob-land='{\"font-size\":\"px\",\"line-height\":\"px \"}'  data-arrowpress-responsive-mob='{\"font-size\":\"px\",\"line-height\":\"px\"}'  class=\"arrowpress-heading  heading-1 arrowpress_heading-506420910 animated show-animate\ttext-center\t\t\t vc_custom_1595606281704\tleft-pos\t\t\t\" data-animation-delay=\"500\" data-animation=\"zoomIn\">\r\n\t\t\t\t\r\n\t\t\t<div style=\"padding-bottom: 35px\" class=\"small-title\">\r\n\t\t\t<p style=\"color:#ffffff; \">Multim\u00e9dia<\/p>\r\n\t\t<\/div>\r\n\t\t\t\t\t\t\t\t\t\t\t\t<h2 >\r\n\t\t\t\t\t\t<span>Vid\u00e9os <\/span>\t\t\t\t\t<\/h2>\r\n\t\t\t\t\t\t\t\t\t\t\r\n\t\t\t\t\r\n<\/div>\r\n<\/div>\n[\/vc_column_inner][\/vc_row_inner]<div class=\"ult-spacer spacer-69ef674da337e\" data-id=\"69ef674da337e\" data-height=\"50\" data-height-mobile=\"50\" data-height-tab=\"50\" data-height-tab-portrait=\"\" data-height-mobile-landscape=\"\" style=\"clear:both;display:block;\"><\/div>[vc_tta_tour style=\u00a0\u00bbflat\u00a0\u00bb color=\u00a0\u00bbblack\u00a0\u00bb spacing=\u00a0\u00bb\u00a0\u00bb gap=\u00a0\u00bb5&Prime; alignment=\u00a0\u00bbcenter\u00a0\u00bb controls_size=\u00a0\u00bbsm\u00a0\u00bb active_section=\u00a0\u00bb1&Prime; pagination_style=\u00a0\u00bbflat-round\u00a0\u00bb css_animation=\u00a0\u00bbslideInDown\u00a0\u00bb no_fill_content_area=\u00a0\u00bbtrue\u00a0\u00bb css=\u00a0\u00bb.vc_custom_1586323829999{padding-left: 60px !important;}\u00a0\u00bb][vc_tta_section title=\u00a0\u00bbDe&rsquo;miei bollenti spiriti &#8211; \u00d3pera La Traviata &#8211; Verdi\u00a0\u00bb tab_id=\u00a0\u00bb1666668794378-b69bb1e0-48d1&Prime;][vc_video link=\u00a0\u00bbhttps:\/\/youtu.be\/AJBRKRuJaBQ\u00a0\u00bb el_width=\u00a0\u00bb90&Prime; el_aspect=\u00a0\u00bb43&Prime; align=\u00a0\u00bbcenter\u00a0\u00bb css_animation=\u00a0\u00bbslideInUp\u00a0\u00bb][\/vc_tta_section][vc_tta_section title=\u00a0\u00bbAddio fiorito asil &#8211; \u00d3pera Madama Butterfly &#8211; Puccini\u00a0\u00bb tab_id=\u00a0\u00bb1666668795196-4c596a5c-766e\u00a0\u00bb][vc_video link=\u00a0\u00bbhttps:\/\/www.youtube.com\/watch?v=QXKCuVqGDDw\u00a0\u00bb el_width=\u00a0\u00bb90&Prime; align=\u00a0\u00bbcenter\u00a0\u00bb css_animation=\u00a0\u00bbslideInUp\u00a0\u00bb][\/vc_tta_section][vc_tta_section title=\u00a0\u00bbGoro Highlights &#8211; \u00d3pera Madama Butterfly &#8211; Puccini\u00a0\u00bb tab_id=\u00a0\u00bb1666668796647-bf0a0962-df1a\u00a0\u00bb][vc_video link=\u00a0\u00bbhttps:\/\/www.youtube.com\/watch?v=Ka3EeBW7ZuI\u00a0\u00bb el_width=\u00a0\u00bb90&Prime; align=\u00a0\u00bbcenter\u00a0\u00bb css_animation=\u00a0\u00bbslideInUp\u00a0\u00bb][\/vc_tta_section][vc_tta_section title=\u00a0\u00bbVidino divn\u00e1, p\u0159esladk\u00e1 &#8211; \u00d3pera Rusalka &#8211; Dvo\u0159\u00e1k\u00a0\u00bb tab_id=\u00a0\u00bb1666668797362-1ec21324-6bd3&Prime;][vc_video link=\u00a0\u00bbhttps:\/\/www.youtube.com\/watch?v=DCvMvyN11sg\u00a0\u00bb el_width=\u00a0\u00bb90&Prime; align=\u00a0\u00bbcenter\u00a0\u00bb css_animation=\u00a0\u00bbslideInUp\u00a0\u00bb][\/vc_tta_section][vc_tta_section title=\u00a0\u00bbDeath of the Prince (Rehearsal) &#8211; \u00d3pera Rusalka &#8211; Dvo\u0159\u00e1k\u00a0\u00bb tab_id=\u00a0\u00bb1666668798076-ed7f27bd-bce0&Prime;][vc_video link=\u00a0\u00bbhttps:\/\/www.youtube.com\/watch?v=sOkQp7Kxu3A\u00a0\u00bb el_width=\u00a0\u00bb90&Prime; align=\u00a0\u00bbcenter\u00a0\u00bb css_animation=\u00a0\u00bbslideInUp\u00a0\u00bb][\/vc_tta_section][vc_tta_section title=\u00a0\u00bbE lucevan le stelle &#8211; \u00d3pera Tosca &#8211; Puccini\u00a0\u00bb tab_id=\u00a0\u00bb1641609851771-39e5f26c-8348&Prime;][vc_video link=\u00a0\u00bbhttps:\/\/www.youtube.com\/watch?v=dJDDG5buFac\u00a0\u00bb el_width=\u00a0\u00bb90&Prime; el_aspect=\u00a0\u00bb235&Prime; align=\u00a0\u00bbcenter\u00a0\u00bb css_animation=\u00a0\u00bbslideInUp\u00a0\u00bb][\/vc_tta_section][vc_tta_section title=\u00a0\u00bbRecondita armonia &#8211; \u00d3pera Tosca &#8211; Puccini\u00a0\u00bb tab_id=\u00a0\u00bb1641609853385-28cdf0a7-aa64&Prime;][vc_video link=\u00a0\u00bbhttps:\/\/www.youtube.com\/watch?v=dWFlBFWx47s\u00a0\u00bb el_width=\u00a0\u00bb90&Prime; el_aspect=\u00a0\u00bb235&Prime; align=\u00a0\u00bbcenter\u00a0\u00bb css_animation=\u00a0\u00bbslideInUp\u00a0\u00bb][\/vc_tta_section][vc_tta_section title=\u00a0\u00bbIngemisco &#8211; R\u00e9quiem de Verdi\u00a0\u00bb tab_id=\u00a0\u00bb1586669765865-5aa0bedd-9ba5&Prime;][vc_video link=\u00a0\u00bbhttps:\/\/www.youtube.com\/watch?v=ai4CNPt23lo\u00a0\u00bb el_width=\u00a0\u00bb90&Prime; el_aspect=\u00a0\u00bb235&Prime; align=\u00a0\u00bbcenter\u00a0\u00bb css_animation=\u00a0\u00bbslideInUp\u00a0\u00bb][\/vc_tta_section][vc_tta_section title=\u00a0\u00bbJ\u00farame &#8211; Mar\u00eda Grever\u00a0\u00bb tab_id=\u00a0\u00bb1586669765956-f80d3509-ec84&Prime;][vc_video link=\u00a0\u00bbhttps:\/\/www.youtube.com\/watch?v=uSa4TVwfMD8&Prime; el_width=\u00a0\u00bb90&Prime; el_aspect=\u00a0\u00bb235&Prime; align=\u00a0\u00bbcenter\u00a0\u00bb css_animation=\u00a0\u00bbslideInUp\u00a0\u00bb][\/vc_tta_section][\/vc_tta_tour]<div class=\"ult-spacer spacer-69ef674da3391\" data-id=\"69ef674da3391\" data-height=\"50\" data-height-mobile=\"50\" data-height-tab=\"50\" data-height-tab-portrait=\"\" data-height-mobile-landscape=\"\" style=\"clear:both;display:block;\"><\/div>[\/vc_column][\/vc_row]<\/p>\n<\/div>","protected":false},"excerpt":{"rendered":"<p>[vc_row][vc_column custom_w=\u00a0\u00bb\u00a0\u00bb][rev_slider_vc alias=\u00a0\u00bbaleman-1&Prime;][\/vc_column][\/vc_row][vc_row bg_type=\u00a0\u00bbimage\u00a0\u00bb parallax_style=\u00a0\u00bbvcpb-default\u00a0\u00bb bg_image_new=\u00a0\u00bbid^1863|url^http:\/\/hn.arrowpress.net\/bonfire-sample\/wp-content\/uploads\/2017\/08\/bg-our.jpg|caption^null|alt^null|title^bg-our|description^null\u00a0\u00bb bg_image_repeat=\u00a0\u00bbno-repeat\u00a0\u00bb bg_image_size=\u00a0\u00bbinitial\u00a0\u00bb bg_image_posiiton=\u00a0\u00bbbottom left\u00a0\u00bb][vc_column][vc_row_inner wrap_container=\u00a0\u00bbyes\u00a0\u00bb equal_height=\u00a0\u00bbyes\u00a0\u00bb content_placement=\u00a0\u00bbmiddle\u00a0\u00bb css=\u00a0\u00bb.vc_custom_1739331503443{background-image: url(https:\/\/jorgefajardotenor.com\/wp-content\/uploads\/2024\/08\/proximas1.png?id=3692) !important;background-position: center !important;background-repeat: no-repeat !important;background-size: contain !important;}\u00a0\u00bb][vc_column_inner custom_w=\u00a0\u00bb\u00a0\u00bb css=\u00a0\u00bb.vc_custom_1586464701421{margin-top: 50px !important;margin-bottom: 50px !important;padding-top: 50px !important;padding-bottom: 50px !important;}\u00a0\u00bb][\/vc_column_inner][\/vc_row_inner][vc_row_inner equal_height=\u00a0\u00bbyes\u00a0\u00bb content_placement=\u00a0\u00bbmiddle\u00a0\u00bb css=\u00a0\u00bb.vc_custom_1586465952011{margin-right: 100px !important;margin-left: 100px !important;}\u00a0\u00bb][vc_column_inner custom_w=\u00a0\u00bb\u00a0\u00bb width=\u00a0\u00bb1\/2&Prime;][\/vc_column_inner][vc_column_inner custom_w=\u00a0\u00bb\u00a0\u00bb width=\u00a0\u00bb1\/2&Prime;][\/vc_column_inner][\/vc_row_inner][vc_row_inner wrap_container=\u00a0\u00bbyes\u00a0\u00bb][vc_column_inner][\/vc_column_inner][\/vc_row_inner][vc_tta_tour style=\u00a0\u00bbflat\u00a0\u00bb color=\u00a0\u00bbblack\u00a0\u00bb spacing=\u00a0\u00bb\u00a0\u00bb gap=\u00a0\u00bb5&Prime; alignment=\u00a0\u00bbcenter\u00a0\u00bb controls_size=\u00a0\u00bbsm\u00a0\u00bb [&hellip;]<\/p>\n","protected":false},"author":1,"featured_media":3693,"parent":0,"menu_order":0,"comment_status":"closed","ping_status":"closed","template":"","meta":{"footnotes":""},"yst_prominent_words":[372,374,340,322,120,330,36,119,112,327],"class_list":["post-1858","page","type-page","status-publish","has-post-thumbnail","hentry"],"_links":{"self":[{"href":"https:\/\/jorgefajardotenor.com\/fr\/wp-json\/wp\/v2\/pages\/1858"}],"collection":[{"href":"https:\/\/jorgefajardotenor.com\/fr\/wp-json\/wp\/v2\/pages"}],"about":[{"href":"https:\/\/jorgefajardotenor.com\/fr\/wp-json\/wp\/v2\/types\/page"}],"author":[{"embeddable":true,"href":"https:\/\/jorgefajardotenor.com\/fr\/wp-json\/wp\/v2\/users\/1"}],"replies":[{"embeddable":true,"href":"https:\/\/jorgefajardotenor.com\/fr\/wp-json\/wp\/v2\/comments?post=1858"}],"version-history":[{"count":240,"href":"https:\/\/jorgefajardotenor.com\/fr\/wp-json\/wp\/v2\/pages\/1858\/revisions"}],"predecessor-version":[{"id":3744,"href":"https:\/\/jorgefajardotenor.com\/fr\/wp-json\/wp\/v2\/pages\/1858\/revisions\/3744"}],"wp:featuredmedia":[{"embeddable":true,"href":"https:\/\/jorgefajardotenor.com\/fr\/wp-json\/wp\/v2\/media\/3693"}],"wp:attachment":[{"href":"https:\/\/jorgefajardotenor.com\/fr\/wp-json\/wp\/v2\/media?parent=1858"}],"wp:term":[{"taxonomy":"yst_prominent_words","embeddable":true,"href":"https:\/\/jorgefajardotenor.com\/fr\/wp-json\/wp\/v2\/yst_prominent_words?post=1858"}],"curies":[{"name":"wp","href":"https:\/\/api.w.org\/{rel}","templated":true}]}}