{"id":2072,"date":"2020-02-21T04:50:06","date_gmt":"2020-02-21T04:50:06","guid":{"rendered":"http:\/\/jorgefajardotenor.com\/?page_id=2072"},"modified":"2024-08-21T22:34:42","modified_gmt":"2024-08-22T04:34:42","slug":"repertorio1","status":"publish","type":"page","link":"https:\/\/jorgefajardotenor.com\/en\/repertorio1\/","title":{"rendered":"Repertoire"},"content":{"rendered":"<div class=\"wpb-content-wrapper\"><p>[vc_row gap=&#8221;35&#8243; css=&#8221;.vc_custom_1586466226365{margin-right: 50px !important;margin-left: 50px !important;}&#8221;][vc_column custom_w=&#8221;&#8221; width=&#8221;1\/2&#8243;][vc_column_text css_animation=&#8221;fadeInLeftBig&#8221;]<\/p>\n<h2><span style=\"color: #d6ba8d;\">\u00d3pera<\/span><\/h2>\n<table width=\"700\" border=\"0\" cellspacing=\"0\" cellpadding=\"0\" height=\"340\">\n<tbody>\n<tr>\n<td><span style=\"color: #999999;\"><strong>Monteverdi<\/strong><\/span><\/td>\n<td><span style=\"color: #999999;\">Orfeo<\/span><\/td>\n<td><span style=\"color: #999999;\">Orfeo<\/span><\/td>\n<\/tr>\n<tr>\n<td><span style=\"color: #999999;\"><strong>H\u00e4ndel<\/strong><\/span><\/td>\n<td><span style=\"color: #999999;\">Alcina<\/span><\/td>\n<td><span style=\"color: #999999;\">Oronte<\/span><\/td>\n<\/tr>\n<tr>\n<td><span style=\"color: #999999;\"><strong>Mozart<\/strong><\/span><\/td>\n<td><span style=\"color: #999999;\">Il Re Pastore<\/span><\/td>\n<td><span style=\"color: #999999;\">Agenore<\/span><\/td>\n<\/tr>\n<tr>\n<td><span style=\"color: #999999;\"><strong>Mozart<\/strong><\/span><\/td>\n<td><span style=\"color: #999999;\">Le nozze di Figaro<\/span><\/td>\n<td><span style=\"color: #999999;\">Basilio<\/span><\/td>\n<\/tr>\n<tr>\n<td><span style=\"color: #999999;\"><strong>Mozart<\/strong><\/span><\/td>\n<td><span style=\"color: #999999;\">Die Zauberfl\u00f6te<\/span><\/td>\n<td><span style=\"color: #999999;\">Tamino, Monostatos<\/span><\/td>\n<\/tr>\n<tr>\n<td><span style=\"color: #999999;\"><strong>Beethoven<\/strong><\/span><\/td>\n<td><span style=\"color: #999999;\">Fidelio<\/span><\/td>\n<td><span style=\"color: #999999;\">Prisionero<\/span><\/td>\n<\/tr>\n<tr>\n<td><span style=\"color: #999999;\"><strong>Verdi<\/strong><\/span><\/td>\n<td><span style=\"color: #999999;\">Rigoletto<\/span><\/td>\n<td><span style=\"color: #999999;\">Borsa<\/span><\/td>\n<\/tr>\n<tr>\n<td><span style=\"color: #999999;\"><strong>Verdi<\/strong><\/span><\/td>\n<td><span style=\"color: #999999;\">Traviata<\/span><\/td>\n<td><span style=\"color: #999999;\">Alfredo<\/span><\/td>\n<\/tr>\n<tr>\n<td><span style=\"color: #999999;\"><strong>Bizet<\/strong><\/span><\/td>\n<td><span style=\"color: #999999;\">Carmen<\/span><\/td>\n<td><span style=\"color: #999999;\">Don Jos\u00e9<\/span><\/td>\n<\/tr>\n<tr>\n<td><span style=\"color: #999999;\"><strong>Dvo\u0159\u00e1k<\/strong><\/span><\/td>\n<td><span style=\"color: #999999;\">Rusalka<\/span><\/td>\n<td><span style=\"color: #999999;\">The Prince<\/span><\/td>\n<\/tr>\n<tr>\n<td><span style=\"color: #999999;\"><strong>Humperdinck<\/strong><\/span><\/td>\n<td><span style=\"color: #999999;\">H\u00e4nsel und Gretel<\/span><\/td>\n<td><span style=\"color: #999999;\">La Bruja<\/span><\/td>\n<\/tr>\n<tr>\n<td><span style=\"color: #999999;\"><strong>Puccini<\/strong><\/span><\/td>\n<td><span style=\"color: #999999;\">Madama Butterfly<\/span><\/td>\n<td><span style=\"color: #999999;\">Pinkerton, Goro<\/span><\/td>\n<\/tr>\n<tr>\n<td><span style=\"color: #999999;\"><strong>Puccini<\/strong><\/span><\/td>\n<td><span style=\"color: #999999;\">La Boh\u00e8me<\/span><\/td>\n<td><span style=\"color: #999999;\">Rodolfo<\/span><\/td>\n<\/tr>\n<tr>\n<td><span style=\"color: #999999;\"><strong>Puccini<\/strong><\/span><\/td>\n<td><span style=\"color: #999999;\">Gianni Schicchi<\/span><\/td>\n<td><span style=\"color: #999999;\">Rinuccio, Gherardo<\/span><\/td>\n<\/tr>\n<tr>\n<td><span style=\"color: #999999;\"><strong>Puccini<\/strong><\/span><\/td>\n<td><span style=\"color: #999999;\">Turandot<\/span><\/td>\n<td><span style=\"color: #999999;\">Pang<\/span><\/td>\n<\/tr>\n<tr>\n<td><span style=\"color: #999999;\"><strong>Moncayo<\/strong><\/span><\/td>\n<td><span style=\"color: #999999;\">La Mulata de C\u00f3rdoba<\/span><\/td>\n<td><span style=\"color: #999999;\">Enamorado<\/span><\/td>\n<\/tr>\n<\/tbody>\n<\/table>\n<p>[\/vc_column_text][\/vc_column][vc_column width=&#8221;1\/2&#8243;][vc_images_carousel images=&#8221;3630,3024,3027,3030,3033,3036,3039&#8243; img_size=&#8221;full&#8221; onclick=&#8221;link_no&#8221; speed=&#8221;4000&#8243; autoplay=&#8221;yes&#8221; wrap=&#8221;yes&#8221; css_animation=&#8221;fadeInRightBig&#8221;][\/vc_column][vc_column custom_w=&#8221;&#8221;]<div class=\"ult-spacer spacer-69ef7afb15a96\" data-id=\"69ef7afb15a96\" data-height=\"50\" data-height-mobile=\"50\" data-height-tab=\"50\" data-height-tab-portrait=\"\" data-height-mobile-landscape=\"\" style=\"clear:both;display:block;\"><\/div>[vc_separator color=&#8221;custom&#8221; css_animation=&#8221;top-to-bottom&#8221; accent_color=&#8221;#d6ba8d&#8221;]<div class=\"ult-spacer spacer-69ef7afb15ac2\" data-id=\"69ef7afb15ac2\" data-height=\"50\" data-height-mobile=\"50\" data-height-tab=\"50\" data-height-tab-portrait=\"\" data-height-mobile-landscape=\"\" style=\"clear:both;display:block;\"><\/div>[\/vc_column][\/vc_row][vc_row gap=&#8221;35&#8243; css=&#8221;.vc_custom_1586466706368{margin-right: 50px !important;margin-left: 50px !important;}&#8221;][vc_column custom_w=&#8221;&#8221; width=&#8221;1\/2&#8243;][vc_column_text css_animation=&#8221;fadeInLeftBig&#8221;]<\/p>\n<h2><span style=\"color: #d6ba8d;\">Operetta<\/span><\/h2>\n<table width=\"700\" border=\"0\" cellspacing=\"0\" cellpadding=\"0\" height=\"43\">\n<tbody>\n<tr>\n<td><span style=\"color: #999999;\"><strong>Strauss<\/strong><\/span><\/td>\n<td><span style=\"color: #999999;\">Die Fledermaus<\/span><\/td>\n<td><span style=\"color: #999999;\">Eisenstein, Dr. Blind<\/span><\/td>\n<\/tr>\n<\/tbody>\n<\/table>\n<p>[\/vc_column_text][\/vc_column][vc_column custom_w=&#8221;&#8221; width=&#8221;1\/2&#8243; css=&#8221;.vc_custom_1586467709828{margin-right: 50px !important;}&#8221;][vc_images_carousel images=&#8221;3042,3045,3048&#8243; img_size=&#8221;full&#8221; onclick=&#8221;link_no&#8221; speed=&#8221;4000&#8243; autoplay=&#8221;yes&#8221; wrap=&#8221;yes&#8221; css_animation=&#8221;fadeInRightBig&#8221;][\/vc_column][vc_column custom_w=&#8221;&#8221;]<div class=\"ult-spacer spacer-69ef7afb15aed\" data-id=\"69ef7afb15aed\" data-height=\"50\" data-height-mobile=\"50\" data-height-tab=\"50\" data-height-tab-portrait=\"\" data-height-mobile-landscape=\"\" style=\"clear:both;display:block;\"><\/div>[vc_separator color=&#8221;custom&#8221; css_animation=&#8221;top-to-bottom&#8221; accent_color=&#8221;#d6ba8d&#8221;]<div class=\"ult-spacer spacer-69ef7afb15b18\" data-id=\"69ef7afb15b18\" data-height=\"50\" data-height-mobile=\"50\" data-height-tab=\"50\" data-height-tab-portrait=\"\" data-height-mobile-landscape=\"\" style=\"clear:both;display:block;\"><\/div>[\/vc_column][\/vc_row][vc_row gap=&#8221;35&#8243; css=&#8221;.vc_custom_1586467861953{margin-right: 50px !important;margin-left: 50px !important;}&#8221;][vc_column custom_w=&#8221;&#8221; width=&#8221;1\/2&#8243;][vc_column_text css_animation=&#8221;fadeInLeftBig&#8221;]<\/p>\n<h2><span style=\"color: #d6ba8d;\">Musical Theater<\/span><\/h2>\n<table width=\"550\" border=\"0\" cellspacing=\"0\" cellpadding=\"0\" height=\"60\">\n<tbody>\n<tr>\n<td><span style=\"color: #999999;\"><strong>Bernstein<\/strong><\/span><\/td>\n<td><span style=\"color: #999999;\">West Side Story<\/span><\/td>\n<td><span style=\"color: #999999;\">Tony<\/span><\/td>\n<\/tr>\n<tr>\n<td><span style=\"color: #999999;\"><strong>Lloyd Webber<\/strong><\/span><\/td>\n<td><span style=\"color: #999999;\">Phantom of the Opera<\/span><\/td>\n<td><span style=\"color: #999999;\">Fantasma<\/span><\/td>\n<\/tr>\n<\/tbody>\n<\/table>\n<p>[\/vc_column_text][\/vc_column][vc_column custom_w=&#8221;&#8221; width=&#8221;1\/2&#8243; css=&#8221;.vc_custom_1586467871820{margin-right: 50px !important;}&#8221;][vc_images_carousel images=&#8221;3051,3054,3057,3060,3063,3066&#8243; img_size=&#8221;full&#8221; onclick=&#8221;link_no&#8221; speed=&#8221;4000&#8243; autoplay=&#8221;yes&#8221; wrap=&#8221;yes&#8221; css_animation=&#8221;fadeInRightBig&#8221;][\/vc_column][vc_column custom_w=&#8221;&#8221;]<div class=\"ult-spacer spacer-69ef7afb15b41\" data-id=\"69ef7afb15b41\" data-height=\"50\" data-height-mobile=\"50\" data-height-tab=\"50\" data-height-tab-portrait=\"\" data-height-mobile-landscape=\"\" style=\"clear:both;display:block;\"><\/div>[vc_separator color=&#8221;custom&#8221; css_animation=&#8221;top-to-bottom&#8221; accent_color=&#8221;#d6ba8d&#8221;]<div class=\"ult-spacer spacer-69ef7afb15b69\" data-id=\"69ef7afb15b69\" data-height=\"50\" data-height-mobile=\"50\" data-height-tab=\"50\" data-height-tab-portrait=\"\" data-height-mobile-landscape=\"\" style=\"clear:both;display:block;\"><\/div>[\/vc_column][\/vc_row][vc_row gap=&#8221;35&#8243; css=&#8221;.vc_custom_1586466860603{margin-right: 50px !important;margin-left: 50px !important;}&#8221;][vc_column custom_w=&#8221;&#8221; width=&#8221;1\/2&#8243;][vc_column_text css_animation=&#8221;fadeInLeftBig&#8221;]<\/p>\n<h2><span style=\"color: #d6ba8d;\">Zarzuela<\/span><\/h2>\n<table width=\"550\" border=\"0\" cellspacing=\"0\" cellpadding=\"0\" height=\"48\">\n<tbody>\n<tr>\n<td><span style=\"color: #999999;\"><strong>Guerrero<\/strong><\/span><\/td>\n<td><span style=\"color: #999999;\">Los Gavilanes<\/span><\/td>\n<td><span style=\"color: #999999;\">Gustavo<\/span><\/td>\n<\/tr>\n<\/tbody>\n<\/table>\n<p>[\/vc_column_text][\/vc_column][vc_column custom_w=&#8221;&#8221; width=&#8221;1\/2&#8243; css=&#8221;.vc_custom_1586467882424{margin-right: 50px !important;}&#8221;][vc_images_carousel images=&#8221;3069,3072,3075,3078,3081,3084&#8243; img_size=&#8221;full&#8221; onclick=&#8221;link_no&#8221; speed=&#8221;4000&#8243; autoplay=&#8221;yes&#8221; wrap=&#8221;yes&#8221; css_animation=&#8221;fadeInRightBig&#8221;][\/vc_column][vc_column custom_w=&#8221;&#8221;]<div class=\"ult-spacer spacer-69ef7afb15b90\" data-id=\"69ef7afb15b90\" data-height=\"50\" data-height-mobile=\"50\" data-height-tab=\"50\" data-height-tab-portrait=\"\" data-height-mobile-landscape=\"\" style=\"clear:both;display:block;\"><\/div>[vc_separator color=&#8221;custom&#8221; css_animation=&#8221;top-to-bottom&#8221; accent_color=&#8221;#d6ba8d&#8221;]<div class=\"ult-spacer spacer-69ef7afb15bb7\" data-id=\"69ef7afb15bb7\" data-height=\"50\" data-height-mobile=\"50\" data-height-tab=\"50\" data-height-tab-portrait=\"\" data-height-mobile-landscape=\"\" style=\"clear:both;display:block;\"><\/div>[\/vc_column][\/vc_row][vc_row gap=&#8221;35&#8243; css=&#8221;.vc_custom_1586466920750{margin-right: 50px !important;margin-left: 50px !important;}&#8221;][vc_column custom_w=&#8221;&#8221; width=&#8221;1\/2&#8243;][vc_column_text css_animation=&#8221;fadeInLeftBig&#8221;]<\/p>\n<h2><span style=\"color: #d6ba8d;\">Oratorios<\/span><\/h2>\n<p>&nbsp;<\/p>\n<table width=\"500\" border=\"0\" cellspacing=\"0\" cellpadding=\"0\" height=\"100\">\n<tbody>\n<tr>\n<td><span style=\"color: #999999;\"><strong>Mozart<\/strong><\/span><\/td>\n<td><span style=\"color: #999999;\">Requiem<\/span><\/td>\n<\/tr>\n<tr>\n<td><span style=\"color: #999999;\"><strong>Beethoven<\/strong><\/span><\/td>\n<td><span style=\"color: #999999;\">9th Symphony<\/span><\/td>\n<\/tr>\n<tr>\n<td><span style=\"color: #999999;\"><strong>Camille Saint-Sa\u00ebns<\/strong><\/span><\/td>\n<td><span style=\"color: #999999;\">No\u00ebl<\/span><\/td>\n<\/tr>\n<tr>\n<td><span style=\"color: #999999;\"><strong>Ariel Ram\u00edrez<\/strong><\/span><\/td>\n<td><span style=\"color: #999999;\">Creole Mass<\/span><\/td>\n<\/tr>\n<\/tbody>\n<\/table>\n<p>[\/vc_column_text][\/vc_column][vc_column custom_w=&#8221;&#8221; width=&#8221;1\/2&#8243; css=&#8221;.vc_custom_1586467910863{margin-right: 50px !important;}&#8221;][vc_images_carousel images=&#8221;3087,3090,3093,3096,3099,3102&#8243; img_size=&#8221;full&#8221; onclick=&#8221;link_no&#8221; speed=&#8221;4000&#8243; autoplay=&#8221;yes&#8221; wrap=&#8221;yes&#8221; css_animation=&#8221;fadeInRightBig&#8221;][\/vc_column][vc_column]<div class=\"ult-spacer spacer-69ef7afb15be9\" data-id=\"69ef7afb15be9\" data-height=\"50\" data-height-mobile=\"50\" data-height-tab=\"50\" data-height-tab-portrait=\"\" data-height-mobile-landscape=\"\" style=\"clear:both;display:block;\"><\/div>[vc_separator color=&#8221;custom&#8221; css_animation=&#8221;top-to-bottom&#8221; accent_color=&#8221;#d6ba8d&#8221;]<div class=\"ult-spacer spacer-69ef7afb15c0e\" data-id=\"69ef7afb15c0e\" data-height=\"50\" data-height-mobile=\"50\" data-height-tab=\"50\" data-height-tab-portrait=\"\" data-height-mobile-landscape=\"\" style=\"clear:both;display:block;\"><\/div>[\/vc_column][\/vc_row][vc_row gap=&#8221;35&#8243; css=&#8221;.vc_custom_1586466970572{margin-right: 50px !important;margin-left: 50px !important;}&#8221;][vc_column custom_w=&#8221;&#8221; width=&#8221;1\/2&#8243;][vc_column_text css_animation=&#8221;fadeInLeftBig&#8221;]<\/p>\n<h2><span style=\"color: #d6ba8d;\">Stage-Musical shows<\/span><\/h2>\n<table width=\"690\" border=\"0\" cellspacing=\"0\" cellpadding=\"0\" height=\"122\">\n<tbody>\n<tr>\n<td style=\"text-align: left;\"><span style=\"color: #999999;\"><strong>L&#8217;amour est un bouquet de&#8230; chansons<\/strong><\/span><\/td>\n<td><span style=\"color: #999999;\">Songs by Piaf, Trennet, Mariano, et al.<\/span><\/td>\n<\/tr>\n<tr>\n<td><span style=\"color: #999999;\"><strong>Latin\u00edssimo<\/strong><\/span><\/td>\n<td><span style=\"color: #999999;\">Latin American vocal music<\/span><\/td>\n<\/tr>\n<tr>\n<td><span style=\"color: #999999;\"><strong>Night of peace<\/strong><\/span><\/td>\n<td><span style=\"color: #999999;\">Christmas vocal music<\/span><\/td>\n<\/tr>\n<\/tbody>\n<\/table>\n<p>[\/vc_column_text][\/vc_column][vc_column custom_w=&#8221;&#8221; width=&#8221;1\/2&#8243; css=&#8221;.vc_custom_1586467932411{margin-right: 50px !important;}&#8221;][vc_images_carousel images=&#8221;3105,3108,3111,3114,3117,3120&#8243; img_size=&#8221;full&#8221; onclick=&#8221;link_no&#8221; speed=&#8221;4000&#8243; autoplay=&#8221;yes&#8221; wrap=&#8221;yes&#8221; css_animation=&#8221;fadeInRightBig&#8221;][\/vc_column][vc_column custom_w=&#8221;&#8221;]<div class=\"ult-spacer spacer-69ef7afb15c31\" data-id=\"69ef7afb15c31\" data-height=\"50\" data-height-mobile=\"50\" data-height-tab=\"50\" data-height-tab-portrait=\"\" data-height-mobile-landscape=\"\" style=\"clear:both;display:block;\"><\/div>[vc_separator color=&#8221;custom&#8221; css_animation=&#8221;top-to-bottom&#8221; accent_color=&#8221;#d6ba8d&#8221;]<div class=\"ult-spacer spacer-69ef7afb15c5a\" data-id=\"69ef7afb15c5a\" data-height=\"50\" data-height-mobile=\"50\" data-height-tab=\"50\" data-height-tab-portrait=\"\" data-height-mobile-landscape=\"\" style=\"clear:both;display:block;\"><\/div>[\/vc_column][\/vc_row]<\/p>\n<\/div>","protected":false},"excerpt":{"rendered":"<p>[vc_row gap=&#8221;35&#8243; css=&#8221;.vc_custom_1586466226365{margin-right: 50px !important;margin-left: 50px !important;}&#8221;][vc_column custom_w=&#8221;&#8221; width=&#8221;1\/2&#8243;][vc_column_text css_animation=&#8221;fadeInLeftBig&#8221;] \u00d3pera Monteverdi Orfeo Orfeo H\u00e4ndel Alcina Oronte Mozart Il Re Pastore Agenore Mozart Le nozze di Figaro Basilio Mozart Die Zauberfl\u00f6te Tamino, Monostatos Beethoven Fidelio Prisionero Verdi Rigoletto Borsa Verdi Traviata Alfredo Bizet Carmen Don Jos\u00e9 Dvo\u0159\u00e1k Rusalka The Prince [&hellip;]<\/p>\n","protected":false},"author":2,"featured_media":0,"parent":0,"menu_order":0,"comment_status":"closed","ping_status":"closed","template":"","meta":{"footnotes":""},"yst_prominent_words":[69,41,46,40,43,42,45,47],"class_list":["post-2072","page","type-page","status-publish","hentry"],"_links":{"self":[{"href":"https:\/\/jorgefajardotenor.com\/en\/wp-json\/wp\/v2\/pages\/2072"}],"collection":[{"href":"https:\/\/jorgefajardotenor.com\/en\/wp-json\/wp\/v2\/pages"}],"about":[{"href":"https:\/\/jorgefajardotenor.com\/en\/wp-json\/wp\/v2\/types\/page"}],"author":[{"embeddable":true,"href":"https:\/\/jorgefajardotenor.com\/en\/wp-json\/wp\/v2\/users\/2"}],"replies":[{"embeddable":true,"href":"https:\/\/jorgefajardotenor.com\/en\/wp-json\/wp\/v2\/comments?post=2072"}],"version-history":[{"count":99,"href":"https:\/\/jorgefajardotenor.com\/en\/wp-json\/wp\/v2\/pages\/2072\/revisions"}],"predecessor-version":[{"id":3699,"href":"https:\/\/jorgefajardotenor.com\/en\/wp-json\/wp\/v2\/pages\/2072\/revisions\/3699"}],"wp:attachment":[{"href":"https:\/\/jorgefajardotenor.com\/en\/wp-json\/wp\/v2\/media?parent=2072"}],"wp:term":[{"taxonomy":"yst_prominent_words","embeddable":true,"href":"https:\/\/jorgefajardotenor.com\/en\/wp-json\/wp\/v2\/yst_prominent_words?post=2072"}],"curies":[{"name":"wp","href":"https:\/\/api.w.org\/{rel}","templated":true}]}}