{"id":2014,"date":"2020-02-18T06:10:55","date_gmt":"2020-02-18T06:10:55","guid":{"rendered":"http:\/\/jorgefajardotenor.com\/?page_id=2014"},"modified":"2025-02-11T20:45:35","modified_gmt":"2025-02-12T02:45:35","slug":"semblanza","status":"publish","type":"page","link":"https:\/\/jorgefajardotenor.com\/en\/semblanza\/","title":{"rendered":"Profile"},"content":{"rendered":"<div class=\"wpb-content-wrapper\"><p>[vc_row gap=&#8221;35&#8243; css=&#8221;.vc_custom_1586463791162{margin-right: 50px !important;margin-left: 50px !important;}&#8221;][vc_column width=&#8221;1\/2&#8243;][vc_column_text css_animation=&#8221;zoomInDown&#8221; css=&#8221;&#8221;]Mexican tenor Jorge Fajardo has a bachelor\u2019s degree in singing and a postgraduate degree in Mexican Concert Music Interpretation by the <em>Conservatorio Nacional de M\u00fasica<\/em>.<\/p>\n<p>Maestro Fajardo has played more than 17 title roles in the fields of Baroque opera, Romantic opera, operetta, zarzuela, musical comedy and concert repertoire.<\/p>\n<p>He has performed in Mexico and in Israel, Germany, Austria, Brazil, Canada, France, Venezuela, and in Carnegie Hall in New York City.<\/p>\n<p>As an actor, he has shared the stage with great actors such as Ang\u00e9lica Arag\u00f3n, Aar\u00f3n Hern\u00e1n, Roberto D\u2019Amico, Juan Ignacio Aranda and Paulina de Labra.<br \/>\nHis merits as an actor have earned him the \u201cGaviota Maricela Lara\u201d award as \u201cActor and Tenor Revelation.\u201d<\/p>\n<p>He currently alternates his performances with other activities such as choral director; from 2016 to 2019 he was chief director of the Choir of the Goethe Institut Mexiko, and, at present, as director of the Coral Caliopus of CENLEX Santo Tomas IPN.<\/p>\n<p>He has also taught singing for more than fourteen years at the <em>Academia Fajardo Arontes<\/em>.[\/vc_column_text][\/vc_column][vc_column width=&#8221;1\/2&#8243;][vc_images_carousel images=&#8221;2357,2580,2583&#8243; img_size=&#8221;full&#8221; onclick=&#8221;link_no&#8221; speed=&#8221;4000&#8243; autoplay=&#8221;yes&#8221; wrap=&#8221;yes&#8221; css_animation=&#8221;fadeInRightBig&#8221; css=&#8221;.vc_custom_1586464128190{padding-right: 30px !important;padding-left: 30px !important;}&#8221;][\/vc_column][\/vc_row]<\/p>\n<\/div>","protected":false},"excerpt":{"rendered":"<p>[vc_row gap=&#8221;35&#8243; css=&#8221;.vc_custom_1586463791162{margin-right: 50px !important;margin-left: 50px !important;}&#8221;][vc_column width=&#8221;1\/2&#8243;][vc_column_text css_animation=&#8221;zoomInDown&#8221; css=&#8221;&#8221;]Mexican tenor Jorge Fajardo has a bachelor\u2019s degree in singing and a postgraduate degree in Mexican Concert Music Interpretation by the Conservatorio Nacional de M\u00fasica. Maestro Fajardo has played more than 17 title roles in the fields of Baroque opera, Romantic [&hellip;]<\/p>\n","protected":false},"author":2,"featured_media":0,"parent":0,"menu_order":0,"comment_status":"closed","ping_status":"closed","template":"","meta":{"footnotes":""},"yst_prominent_words":[345,328,304,334,488,374,347,322,120,330,343,112,351,327,325,28],"class_list":["post-2014","page","type-page","status-publish","hentry"],"_links":{"self":[{"href":"https:\/\/jorgefajardotenor.com\/en\/wp-json\/wp\/v2\/pages\/2014"}],"collection":[{"href":"https:\/\/jorgefajardotenor.com\/en\/wp-json\/wp\/v2\/pages"}],"about":[{"href":"https:\/\/jorgefajardotenor.com\/en\/wp-json\/wp\/v2\/types\/page"}],"author":[{"embeddable":true,"href":"https:\/\/jorgefajardotenor.com\/en\/wp-json\/wp\/v2\/users\/2"}],"replies":[{"embeddable":true,"href":"https:\/\/jorgefajardotenor.com\/en\/wp-json\/wp\/v2\/comments?post=2014"}],"version-history":[{"count":44,"href":"https:\/\/jorgefajardotenor.com\/en\/wp-json\/wp\/v2\/pages\/2014\/revisions"}],"predecessor-version":[{"id":3724,"href":"https:\/\/jorgefajardotenor.com\/en\/wp-json\/wp\/v2\/pages\/2014\/revisions\/3724"}],"wp:attachment":[{"href":"https:\/\/jorgefajardotenor.com\/en\/wp-json\/wp\/v2\/media?parent=2014"}],"wp:term":[{"taxonomy":"yst_prominent_words","embeddable":true,"href":"https:\/\/jorgefajardotenor.com\/en\/wp-json\/wp\/v2\/yst_prominent_words?post=2014"}],"curies":[{"name":"wp","href":"https:\/\/api.w.org\/{rel}","templated":true}]}}