{"id":1858,"date":"2017-08-25T07:55:22","date_gmt":"2017-08-25T07:55:22","guid":{"rendered":"http:\/\/hn.arrowpress.net\/bonfire-sample\/?page_id=1858"},"modified":"2025-02-18T21:43:58","modified_gmt":"2025-02-19T03:43:58","slug":"jorge-fajardo-tenor","status":"publish","type":"page","link":"https:\/\/jorgefajardotenor.com\/de\/","title":{"rendered":"Jorge Fajardo &#8211; Tenor"},"content":{"rendered":"<div class=\"wpb-content-wrapper\"><p>[vc_row][vc_column custom_w=&#8220;&#8220;][rev_slider_vc alias=&#8220;ingles-1&#8243;][\/vc_column][\/vc_row][vc_row bg_type=&#8220;image&#8220; parallax_style=&#8220;vcpb-default&#8220; bg_image_new=&#8220;id^1863|url^http:\/\/hn.arrowpress.net\/bonfire-sample\/wp-content\/uploads\/2017\/08\/bg-our.jpg|caption^null|alt^null|title^bg-our|description^null&#8220; bg_image_repeat=&#8220;no-repeat&#8220; bg_image_size=&#8220;initial&#8220; bg_image_posiiton=&#8220;bottom left&#8220;][vc_column]<div class=\"ult-spacer spacer-69d642d8d78ad\" data-id=\"69d642d8d78ad\" data-height=\"51\" data-height-mobile=\"0\" data-height-tab=\"33\" data-height-tab-portrait=\"33\" data-height-mobile-landscape=\"13\" style=\"clear:both;display:block;\"><\/div><div class=\"arrowpress-container container \">[vc_row_inner][vc_column_inner]   \r\n    <div class=\"arrowpress_container  color_gradient\">  \r\n<div style=\"padding-bottom: 85px;letter-spacing:px\" data-arrowpress-target='arrowpress_heading-1096629305'  data-arrowpress-csstarget='h2'  data-arrowpress-responsive-tablet='{\"font-size\":\"px\",\"line-height\":\"px\"}'  data-arrowpress-responsive-tablet-port='{\"font-size\":\"px\",\"line-height\":\"px \"}'  data-arrowpress-responsive-mob-land='{\"font-size\":\"px\",\"line-height\":\"px \"}'  data-arrowpress-responsive-mob='{\"font-size\":\"px\",\"line-height\":\"px\"}'  class=\"arrowpress-heading  heading-1 arrowpress_heading-1096629305 animated show-animate\ttext-center\t\t\t\tleft-pos\t\t\t\" data-animation-delay=\"500\" data-animation=\"flipInX\">\r\n\t\t\t\t\r\n\t\t\t<div style=\"padding-bottom: 35px\" class=\"small-title\">\r\n\t\t\t<p style=\"color:#ffffff; \">Jorge Fajardo Zu seiner Person<\/p>\r\n\t\t<\/div>\r\n\t\t\t\t\t\t\t\t\t\t\t\t<h2 >\r\n\t\t\t\t\t\t<span>Anschein<\/span>\t\t\t\t\t<\/h2>\r\n\t\t\t\t\t\t\t\t\t\t\r\n\t\t\t\t\r\n<\/div>\r\n<\/div>\n[\/vc_column_inner][\/vc_row_inner][vc_row_inner gap=&#8220;35&#8243; css=&#8220;.vc_custom_1586464399748{margin-right: 50px !important;margin-left: 50px !important;border-radius: 5px !important;}&#8220;][vc_column_inner custom_w=&#8220;&#8220; width=&#8220;1\/2&#8243; offset=&#8220;vc_col-lg-6 vc_col-md-6 vc_col-xs-12&#8243;][vc_column_text]<\/p>\n<p class=\"text-default\" style=\"color: #ababab;\">Der mexikanische Tenor Jorge Fajardo, Absolvent des Staatlichen Mexikanischen Musikkonservatoriums und Studien in Wien, Weimar (Deutschland) und New York, zeichnete sich bei jedem seiner Auftritte sowohl durch sein stimmliches Engagement, sowie seine schauspielerischen F\u00e4higkeiten aus, dasN\u00e4chte ihn zu<br \/>\nAuftritten in Europa, Asia, Nord- und Lateinamerika f\u00fchrte.<\/p>\n<h3><span style=\"color: #d6ba8d;\"><a href=\"http:\/\/jorgefajardotenor.com\/semblanza\/\" rel=\"noopener noreferrer\" style=\"color: #d6ba8d;\"><strong>Weitere Informationen<\/strong><\/a><\/span><\/h3>\n<p>[\/vc_column_text][\/vc_column_inner][vc_column_inner custom_w=&#8220;&#8220; width=&#8220;1\/2&#8243; offset=&#8220;vc_col-lg-5 vc_col-md-6 vc_col-xs-12&#8243;][vc_images_carousel images=&#8220;3680,3682,3693&#8243; img_size=&#8220;full&#8220; onclick=&#8220;custom_link&#8220; speed=&#8220;4000&#8243; autoplay=&#8220;yes&#8220; wrap=&#8220;yes&#8220; css_animation=&#8220;fadeInRight&#8220; css=&#8220;.vc_custom_1739330867716{border-radius: 10px !important;}&#8220; custom_links=&#8220;\/semblanza\/,\/semblanza\/,\/semblanza\/&#8220;][\/vc_column_inner][\/vc_row_inner]<\/div>\n<div class=\"ult-spacer spacer-69d642d8d7a5a\" data-id=\"69d642d8d7a5a\" data-height=\"0\" data-height-mobile=\"0\" data-height-tab=\"\" data-height-tab-portrait=\"0\" data-height-mobile-landscape=\"0\" style=\"clear:both;display:block;\"><\/div>[vc_row_inner wrap_container=&#8220;yes&#8220; equal_height=&#8220;yes&#8220; content_placement=&#8220;middle&#8220; css=&#8220;.vc_custom_1739331070166{background-image: url(https:\/\/jorgefajardotenor.com\/wp-content\/uploads\/2024\/08\/proximas1.png?id=3692) !important;background-position: center !important;background-repeat: no-repeat !important;background-size: contain !important;}&#8220;][vc_column_inner custom_w=&#8220;&#8220; css=&#8220;.vc_custom_1586464701421{margin-top: 50px !important;margin-bottom: 50px !important;padding-top: 50px !important;padding-bottom: 50px !important;}&#8220;]   \r\n    <div class=\"arrowpress_container  color_gradient\">  \r\n<div  data-arrowpress-target='arrowpress_heading-1335717763'  data-arrowpress-csstarget='h2'  data-arrowpress-responsive-tablet='{\"font-size\":\"px\",\"line-height\":\"px\"}'  data-arrowpress-responsive-tablet-port='{\"font-size\":\"px\",\"line-height\":\"px \"}'  data-arrowpress-responsive-mob-land='{\"font-size\":\"px\",\"line-height\":\"px \"}'  data-arrowpress-responsive-mob='{\"font-size\":\"px\",\"line-height\":\"px\"}'  class=\"arrowpress-heading  heading-1 arrowpress_heading-1335717763 animated show-animate\ttext-center\t\t\t vc_custom_1739331163570\tleft-pos\t\t\t\" data-animation-delay=\"500\" data-animation=\"fadeInLeft\">\r\n\t\t\t\t\r\n\t\t\t\t\t\t\t\t\t\t\t\t<h2 style=\"color:#f4f4f4; \">\r\n\t\t\t\t\t\t<span>Das Neueste<\/span>\t\t\t\t\t<\/h2>\r\n\t\t\t\t\t\t\t\t\t\t\r\n\t\t\t\t\r\n<\/div>\r\n<\/div>\n[\/vc_column_inner][\/vc_row_inner][vc_row_inner equal_height=&#8220;yes&#8220; css=&#8220;.vc_custom_1595126402404{margin-right: 100px !important;margin-left: 100px !important;}&#8220;][vc_column_inner custom_w=&#8220;&#8220; width=&#8220;1\/2&#8243;]<div class=\"ult_pricing_table_wrap ult_design_1  ult-cs-custom pricing-custom \">\r\n\t\t\t\t<div class=\"ult_pricing_table ult_price_table_ht\" style=\"background:#67091f; min-height:500px;\"><div class=\"ult_pricing_heading\" id=\"price-table-wrap-3872\">\r\n\t\t\t\t\t\t<h3 class=\"price-heading cust-headformat ult-responsive\"  data-ultimate-target='#price-table-wrap-3872 .cust-headformat'  data-responsive-json-new='{\"font-size\":\"\",\"line-height\":\"\"}'  style=\"font-weight:normal;\">K\u00fcnstlerische T\u00e4tigkeit<\/h3><\/div><!--ult_pricing_heading--><div class=\"ult_price_body_block\">\r\n\t\t\t\t\t\t<div class=\"ult_price_body\">\r\n\t\t\t\t\t\t\t<div id=\"price-table-wrap-5793\" class=\"ult_price\">\r\n\t\t\t\t\t\t\t\t<span  data-ultimate-target='#price-table-wrap-5793 .ult_price_figure'  data-responsive-json-new='{\"font-size\":\"\",\"line-height\":\"\"}'  class=\"ult_price_figure ult-responsive\" style=\"font-weight:normal;\"><\/span>\r\n\t\t\t\t\t\t\t\t<span  data-ultimate-target='#price-table-wrap-5793 .ult_price_term'  data-responsive-json-new='{\"font-size\":\"\",\"line-height\":\"\"}'  class=\"ult_price_term ult-responsive\" style=\"font-weight:normal;\"><\/span>\r\n\t\t\t\t\t\t\t<\/div>\r\n\t\t\t\t\t\t<\/div>\r\n\t\t\t\t\t<\/div><!--ult_price_body_block--><div id=\"price-table-features-wrap-3596\" class=\"ult_price_features ult-responsive\"  data-ultimate-target='#price-table-features-wrap-3596'  data-responsive-json-new='{\"font-size\":\"\",\"line-height\":\"\"}'  style=\"font-weight:normal;\">\r\n\t\t\t\t\t\t<p><img loading=\"lazy\" decoding=\"async\" src=\"https:\/\/jorgefajardotenor.com\/wp-content\/uploads\/2024\/08\/almamia24.png\" alt=\"\" width=\"800\" height=\"400\" class=\"size-full wp-image-3677 aligncenter\" srcset=\"https:\/\/jorgefajardotenor.com\/wp-content\/uploads\/2024\/08\/almamia24.png 800w, https:\/\/jorgefajardotenor.com\/wp-content\/uploads\/2024\/08\/almamia24-300x150.png 300w, https:\/\/jorgefajardotenor.com\/wp-content\/uploads\/2024\/08\/almamia24-768x384.png 768w\" sizes=\"(max-width: 800px) 100vw, 800px\" \/><\/p>\n<p>&nbsp;<\/p>\n<p><img loading=\"lazy\" decoding=\"async\" src=\"https:\/\/jorgefajardotenor.com\/wp-content\/uploads\/2022\/10\/anunciorusalka_aleman.jpg\" alt=\"\" width=\"800\" height=\"400\" class=\"size-full wp-image-3625 aligncenter\" \/><\/p>\n\r\n\t\t\t\t\t<\/div><!--ult_price_features--><div class=\"ult_clr\"><\/div>\r\n\t\t<\/div><!--pricing_table-->\r\n\t<\/div><!--pricing_table_wrap-->[\/vc_column_inner][vc_column_inner custom_w=&#8220;&#8220; width=&#8220;1\/2&#8243;]<div class=\"ult_pricing_table_wrap ult_design_1  ult-cs-custom pricing-custom \">\r\n\t\t\t\t<div class=\"ult_pricing_table ult_price_table_ht\" style=\"background:#67091f; min-height:772px;\"><div class=\"ult_pricing_heading\" id=\"price-table-wrap-3698\">\r\n\t\t\t\t\t\t<h3 class=\"price-heading cust-headformat ult-responsive\"  data-ultimate-target='#price-table-wrap-3698 .cust-headformat'  data-responsive-json-new='{\"font-size\":\"\",\"line-height\":\"\"}'  style=\"font-weight:normal;\">Im Konzert<\/h3><\/div><!--ult_pricing_heading--><div class=\"ult_price_body_block\">\r\n\t\t\t\t\t\t<div class=\"ult_price_body\">\r\n\t\t\t\t\t\t\t<div id=\"price-table-wrap-6891\" class=\"ult_price\">\r\n\t\t\t\t\t\t\t\t<span  data-ultimate-target='#price-table-wrap-6891 .ult_price_figure'  data-responsive-json-new='{\"font-size\":\"\",\"line-height\":\"\"}'  class=\"ult_price_figure ult-responsive\" style=\"font-weight:normal;\"><\/span>\r\n\t\t\t\t\t\t\t\t<span  data-ultimate-target='#price-table-wrap-6891 .ult_price_term'  data-responsive-json-new='{\"font-size\":\"\",\"line-height\":\"\"}'  class=\"ult_price_term ult-responsive\" style=\"font-weight:normal;\"><\/span>\r\n\t\t\t\t\t\t\t<\/div>\r\n\t\t\t\t\t\t<\/div>\r\n\t\t\t\t\t<\/div><!--ult_price_body_block--><div id=\"price-table-features-wrap-5996\" class=\"ult_price_features ult-responsive\"  data-ultimate-target='#price-table-features-wrap-5996'  data-responsive-json-new='{\"font-size\":\"\",\"line-height\":\"\"}'  style=\"font-weight:normal;\">\r\n\t\t\t\t\t\t<p><img loading=\"lazy\" decoding=\"async\" src=\"https:\/\/jorgefajardotenor.com\/wp-content\/uploads\/2025\/02\/novena_aleman.png\" alt=\"\" width=\"460\" height=\"230\" class=\"alignnone size-full wp-image-3736\" srcset=\"https:\/\/jorgefajardotenor.com\/wp-content\/uploads\/2025\/02\/novena_aleman.png 460w, https:\/\/jorgefajardotenor.com\/wp-content\/uploads\/2025\/02\/novena_aleman-300x150.png 300w\" sizes=\"(max-width: 460px) 100vw, 460px\" \/><\/p>\n<p>&nbsp;<\/p>\n<p><img loading=\"lazy\" decoding=\"async\" src=\"https:\/\/jorgefajardotenor.com\/wp-content\/uploads\/2024\/08\/flauta24.png\" alt=\"\" width=\"460\" height=\"230\" class=\"size-full wp-image-3675 aligncenter\" srcset=\"https:\/\/jorgefajardotenor.com\/wp-content\/uploads\/2024\/08\/flauta24.png 460w, https:\/\/jorgefajardotenor.com\/wp-content\/uploads\/2024\/08\/flauta24-300x150.png 300w\" sizes=\"(max-width: 460px) 100vw, 460px\" \/><\/p>\n\r\n\t\t\t\t\t<\/div><!--ult_price_features--><div class=\"ult_clr\"><\/div>\r\n\t\t<\/div><!--pricing_table-->\r\n\t<\/div><!--pricing_table_wrap-->[\/vc_column_inner][\/vc_row_inner][vc_row_inner wrap_container=&#8220;yes&#8220;][vc_column_inner]<div class=\"ult-spacer spacer-69d642d8d7cf3\" data-id=\"69d642d8d7cf3\" data-height=\"\" data-height-mobile=\"\" data-height-tab=\"\" data-height-tab-portrait=\"\" data-height-mobile-landscape=\"\" style=\"clear:both;display:block;\"><\/div>   \r\n    <div class=\"arrowpress_container  box-heading-port color_gradient\">  \r\n<div style=\"padding-bottom: 50px;letter-spacing:px\" data-arrowpress-target='arrowpress_heading-1356274886'  data-arrowpress-csstarget='h2'  data-arrowpress-responsive-tablet='{\"font-size\":\"px\",\"line-height\":\"px\"}'  data-arrowpress-responsive-tablet-port='{\"font-size\":\"px\",\"line-height\":\"px \"}'  data-arrowpress-responsive-mob-land='{\"font-size\":\"px\",\"line-height\":\"px \"}'  data-arrowpress-responsive-mob='{\"font-size\":\"px\",\"line-height\":\"px\"}'  class=\"arrowpress-heading  heading-1 arrowpress_heading-1356274886 animated show-animate\ttext-center\t\t\t vc_custom_1595126703706\tleft-pos\t\t\t\" data-animation-delay=\"500\" data-animation=\"zoomIn\">\r\n\t\t\t\t\r\n\t\t\t<div style=\"padding-bottom: 35px\" class=\"small-title\">\r\n\t\t\t<p style=\"color:#ffffff; \">Medien<\/p>\r\n\t\t<\/div>\r\n\t\t\t\t\t\t\t\t\t\t\t\t<h2 >\r\n\t\t\t\t\t\t<span>Videos<\/span>\t\t\t\t\t<\/h2>\r\n\t\t\t\t\t\t\t\t\t\t\r\n\t\t\t\t\r\n<\/div>\r\n<\/div>\n[\/vc_column_inner][\/vc_row_inner]<div class=\"ult-spacer spacer-69d642d8d7e15\" data-id=\"69d642d8d7e15\" data-height=\"50\" data-height-mobile=\"50\" data-height-tab=\"50\" data-height-tab-portrait=\"\" data-height-mobile-landscape=\"\" style=\"clear:both;display:block;\"><\/div>[vc_tta_tour style=&#8220;flat&#8220; color=&#8220;black&#8220; spacing=&#8220;&#8220; gap=&#8220;25&#8243; alignment=&#8220;center&#8220; controls_size=&#8220;sm&#8220; active_section=&#8220;1&#8243; pagination_style=&#8220;flat-round&#8220; css_animation=&#8220;slideInDown&#8220; no_fill_content_area=&#8220;true&#8220; css=&#8220;.vc_custom_1641611346553{padding-top: 100px !important;padding-bottom: 100px !important;padding-left: 60px !important;}&#8220;][vc_tta_section title=&#8220;De&#8217;miei bollenti spiriti &#8211; \u00d3pera La Traviata &#8211; Verdi&#8220; tab_id=&#8220;1666668249641-3ca3c569-b560&#8243;][vc_video link=&#8220;https:\/\/youtu.be\/AJBRKRuJaBQ&#8220; el_width=&#8220;90&#8243; el_aspect=&#8220;43&#8243; align=&#8220;center&#8220; css_animation=&#8220;slideInUp&#8220;][\/vc_tta_section][vc_tta_section title=&#8220;Addio fiorito asil &#8211; \u00d3pera Madama Butterfly &#8211; Puccini&#8220; tab_id=&#8220;1666668250503-ef3048de-7e9d&#8220;][vc_video link=&#8220;https:\/\/www.youtube.com\/watch?v=QXKCuVqGDDw&#8220; el_width=&#8220;90&#8243; align=&#8220;center&#8220; css_animation=&#8220;slideInUp&#8220;][\/vc_tta_section][vc_tta_section title=&#8220;Goro Highlights &#8211; \u00d3pera Madama Butterfly &#8211; Puccini&#8220; tab_id=&#8220;1666668251927-3d9d58a8-77e4&#8243;][vc_video link=&#8220;https:\/\/www.youtube.com\/watch?v=Ka3EeBW7ZuI&#8220; el_width=&#8220;90&#8243; align=&#8220;center&#8220; css_animation=&#8220;slideInUp&#8220;][\/vc_tta_section][vc_tta_section title=&#8220;Vidino divn\u00e1, p\u0159esladk\u00e1 &#8211; \u00d3pera Rusalka &#8211; Dvo\u0159\u00e1k.&#8220; tab_id=&#8220;1666668253242-824bf387-0fcf&#8220;][vc_video link=&#8220;https:\/\/www.youtube.com\/watch?v=DCvMvyN11sg&#8220; el_width=&#8220;90&#8243; align=&#8220;center&#8220; css_animation=&#8220;slideInUp&#8220;][\/vc_tta_section][vc_tta_section title=&#8220;Death of the Prince (Rehearsal) &#8211; \u00d3pera Rusalka &#8211; Dvo\u0159\u00e1k&#8220; tab_id=&#8220;1666668262531-adbb751e-f96b&#8220;][vc_video link=&#8220;https:\/\/www.youtube.com\/watch?v=sOkQp7Kxu3A&#8220; el_width=&#8220;90&#8243; align=&#8220;center&#8220; css_animation=&#8220;slideInUp&#8220;][\/vc_tta_section][vc_tta_section title=&#8220;E lucevan le stelle &#8211; \u00d3pera Tosca &#8211; Puccini&#8220; tab_id=&#8220;1641609657048-9d9946c7-7a22&#8243;][vc_video link=&#8220;https:\/\/www.youtube.com\/watch?v=dJDDG5buFac&#8220; el_width=&#8220;90&#8243; el_aspect=&#8220;235&#8243; align=&#8220;center&#8220; css_animation=&#8220;slideInUp&#8220;][\/vc_tta_section][vc_tta_section title=&#8220;Recondita armonia &#8211; \u00d3pera Tosca &#8211; Puccini&#8220; tab_id=&#8220;1641609657934-c37489a7-4b3a&#8220;][vc_video link=&#8220;https:\/\/www.youtube.com\/watch?v=dWFlBFWx47s&#8220; el_width=&#8220;90&#8243; el_aspect=&#8220;235&#8243; align=&#8220;center&#8220; css_animation=&#8220;slideInUp&#8220;][\/vc_tta_section][vc_tta_section title=&#8220;Ingemisco &#8211; R\u00e9quiem de Verdi&#8220; tab_id=&#8220;1595126874474-1f6dc7c1-54fc&#8220;][vc_video link=&#8220;https:\/\/www.youtube.com\/watch?v=ai4CNPt23lo&#8220; el_width=&#8220;90&#8243; align=&#8220;center&#8220; css_animation=&#8220;slideInUp&#8220;][\/vc_tta_section][vc_tta_section title=&#8220;J\u00farame &#8211; Mar\u00eda Grever&#8220; tab_id=&#8220;1595126874581-433829b4-6b26&#8243;][vc_video link=&#8220;https:\/\/www.youtube.com\/watch?v=uSa4TVwfMD8&#8243; el_width=&#8220;90&#8243; align=&#8220;center&#8220; css_animation=&#8220;slideInUp&#8220;][\/vc_tta_section][\/vc_tta_tour]<div class=\"ult-spacer spacer-69d642d8d7e3e\" data-id=\"69d642d8d7e3e\" data-height=\"50\" data-height-mobile=\"50\" data-height-tab=\"50\" data-height-tab-portrait=\"\" data-height-mobile-landscape=\"\" style=\"clear:both;display:block;\"><\/div>[\/vc_column][\/vc_row]<\/p>\n<\/div>","protected":false},"excerpt":{"rendered":"<p>[vc_row][vc_column custom_w=&#8220;&#8220;][rev_slider_vc alias=&#8220;ingles-1&#8243;][\/vc_column][\/vc_row][vc_row bg_type=&#8220;image&#8220; parallax_style=&#8220;vcpb-default&#8220; bg_image_new=&#8220;id^1863|url^http:\/\/hn.arrowpress.net\/bonfire-sample\/wp-content\/uploads\/2017\/08\/bg-our.jpg|caption^null|alt^null|title^bg-our|description^null&#8220; bg_image_repeat=&#8220;no-repeat&#8220; bg_image_size=&#8220;initial&#8220; bg_image_posiiton=&#8220;bottom left&#8220;][vc_column][vc_row_inner wrap_container=&#8220;yes&#8220; equal_height=&#8220;yes&#8220; content_placement=&#8220;middle&#8220; css=&#8220;.vc_custom_1739331070166{background-image: url(https:\/\/jorgefajardotenor.com\/wp-content\/uploads\/2024\/08\/proximas1.png?id=3692) !important;background-position: center !important;background-repeat: no-repeat !important;background-size: contain !important;}&#8220;][vc_column_inner custom_w=&#8220;&#8220; css=&#8220;.vc_custom_1586464701421{margin-top: 50px !important;margin-bottom: 50px !important;padding-top: 50px !important;padding-bottom: 50px !important;}&#8220;][\/vc_column_inner][\/vc_row_inner][vc_row_inner equal_height=&#8220;yes&#8220; css=&#8220;.vc_custom_1595126402404{margin-right: 100px !important;margin-left: 100px !important;}&#8220;][vc_column_inner custom_w=&#8220;&#8220; width=&#8220;1\/2&#8243;][\/vc_column_inner][vc_column_inner custom_w=&#8220;&#8220; width=&#8220;1\/2&#8243;][\/vc_column_inner][\/vc_row_inner][vc_row_inner wrap_container=&#8220;yes&#8220;][vc_column_inner][\/vc_column_inner][\/vc_row_inner][vc_tta_tour style=&#8220;flat&#8220; color=&#8220;black&#8220; spacing=&#8220;&#8220; gap=&#8220;25&#8243; alignment=&#8220;center&#8220; controls_size=&#8220;sm&#8220; active_section=&#8220;1&#8243; [&hellip;]<\/p>\n","protected":false},"author":1,"featured_media":3693,"parent":0,"menu_order":0,"comment_status":"closed","ping_status":"closed","template":"","meta":{"footnotes":""},"yst_prominent_words":[372,374,340,322,120,330,36,119,112,327],"class_list":["post-1858","page","type-page","status-publish","has-post-thumbnail","hentry"],"_links":{"self":[{"href":"https:\/\/jorgefajardotenor.com\/de\/wp-json\/wp\/v2\/pages\/1858"}],"collection":[{"href":"https:\/\/jorgefajardotenor.com\/de\/wp-json\/wp\/v2\/pages"}],"about":[{"href":"https:\/\/jorgefajardotenor.com\/de\/wp-json\/wp\/v2\/types\/page"}],"author":[{"embeddable":true,"href":"https:\/\/jorgefajardotenor.com\/de\/wp-json\/wp\/v2\/users\/1"}],"replies":[{"embeddable":true,"href":"https:\/\/jorgefajardotenor.com\/de\/wp-json\/wp\/v2\/comments?post=1858"}],"version-history":[{"count":240,"href":"https:\/\/jorgefajardotenor.com\/de\/wp-json\/wp\/v2\/pages\/1858\/revisions"}],"predecessor-version":[{"id":3744,"href":"https:\/\/jorgefajardotenor.com\/de\/wp-json\/wp\/v2\/pages\/1858\/revisions\/3744"}],"wp:featuredmedia":[{"embeddable":true,"href":"https:\/\/jorgefajardotenor.com\/de\/wp-json\/wp\/v2\/media\/3693"}],"wp:attachment":[{"href":"https:\/\/jorgefajardotenor.com\/de\/wp-json\/wp\/v2\/media?parent=1858"}],"wp:term":[{"taxonomy":"yst_prominent_words","embeddable":true,"href":"https:\/\/jorgefajardotenor.com\/de\/wp-json\/wp\/v2\/yst_prominent_words?post=1858"}],"curies":[{"name":"wp","href":"https:\/\/api.w.org\/{rel}","templated":true}]}}